{"id":2419,"date":"2017-05-08T12:20:50","date_gmt":"2017-05-08T12:20:50","guid":{"rendered":"http:\/\/www.conservatory.az\/konsert-fealiyyeti-shobesi\/"},"modified":"2023-11-16T05:45:08","modified_gmt":"2023-11-16T05:45:08","slug":"department-of-concert-activity","status":"publish","type":"page","link":"https:\/\/conservatory.edu.az\/en\/department-of-concert-activity\/","title":{"rendered":"Department of concert activity"},"content":{"rendered":"<p><strong>Head of the department Public Events, Concerts and Arts &#8211; Guliyev Riad Parviz.<\/strong><\/p>\n<p style=\"text-align: justify;\">This department has been functioning since December, 1, 2014. There are five workers in the department:<\/p>\n<p>1. The head of the department<br \/>\n2. Light artist<br \/>\n3. Sound director<br \/>\n4. Scene worker<br \/>\n5. Cameraman<\/p>\n<p><strong>Activity of the department:<\/strong><\/p>\n<p style=\"text-align: justify;\">Organizes concerts, meetings students with the teacher and professor staff, as well as with the artists.<\/p>\n<p style=\"text-align: justify;\">Organizes meetings of prominent singers, composers, poets and writers, scholars with students and teacher-professor staff of ANC.<\/p>\n<p style=\"text-align: justify;\">On the 1st and 4th day of each month at 17.00 \u201cMusic hour\u201d is held in Baku hall of ANC. Anniversary nights of master artists are also organized here.<\/p>\n<p style=\"text-align: justify;\">Provides participation of students in high schools, institutions, competitions and concerts. Records of all events held in ANC are held in the archive.<\/p>\n<p><img loading=\"lazy\" decoding=\"async\" class=\"alignnone size-medium wp-image-1067\" src=\"http:\/\/www.conservatory.az\/wp-content\/uploads\/2017\/04\/Konsert-yarad\u0131c\u0131l\u0131q-v\u0259-k\u00fctl\u0259vi-t\u0259dbirl\u0259r-departamenti2-450x300.jpg\" alt=\"\" width=\"450\" height=\"300\" srcset=\"https:\/\/conservatory.edu.az\/wp-content\/uploads\/2017\/04\/Konsert-yarad\u0131c\u0131l\u0131q-v\u0259-k\u00fctl\u0259vi-t\u0259dbirl\u0259r-departamenti2-450x300.jpg 450w, https:\/\/conservatory.edu.az\/wp-content\/uploads\/2017\/04\/Konsert-yarad\u0131c\u0131l\u0131q-v\u0259-k\u00fctl\u0259vi-t\u0259dbirl\u0259r-departamenti2-768x512.jpg 768w, https:\/\/conservatory.edu.az\/wp-content\/uploads\/2017\/04\/Konsert-yarad\u0131c\u0131l\u0131q-v\u0259-k\u00fctl\u0259vi-t\u0259dbirl\u0259r-departamenti2-1024x683.jpg 1024w, https:\/\/conservatory.edu.az\/wp-content\/uploads\/2017\/04\/Konsert-yarad\u0131c\u0131l\u0131q-v\u0259-k\u00fctl\u0259vi-t\u0259dbirl\u0259r-departamenti2.jpg 1500w\" sizes=\"auto, (max-width: 450px) 100vw, 450px\" \/><\/p>\n","protected":false},"excerpt":{"rendered":"<p>Head of the department Public Events, Concerts and Arts &#8211; Guliyev Riad Parviz. This department has been functioning since December, 1, 2014. There are five workers in the department: 1. The head of the department 2. Light artist 3. Sound director 4. Scene worker 5. Cameraman Activity of the department: Organizes concerts, meetings students with [&hellip;]<\/p>\n","protected":false},"author":4,"featured_media":0,"parent":0,"menu_order":0,"comment_status":"closed","ping_status":"closed","template":"","meta":{"_exactmetrics_skip_tracking":false,"_exactmetrics_sitenote_active":false,"_exactmetrics_sitenote_note":"","_exactmetrics_sitenote_category":0,"footnotes":""},"class_list":["post-2419","page","type-page","status-publish","hentry"],"aioseo_notices":[],"_links":{"self":[{"href":"https:\/\/conservatory.edu.az\/en\/wp-json\/wp\/v2\/pages\/2419","targetHints":{"allow":["GET"]}}],"collection":[{"href":"https:\/\/conservatory.edu.az\/en\/wp-json\/wp\/v2\/pages"}],"about":[{"href":"https:\/\/conservatory.edu.az\/en\/wp-json\/wp\/v2\/types\/page"}],"author":[{"embeddable":true,"href":"https:\/\/conservatory.edu.az\/en\/wp-json\/wp\/v2\/users\/4"}],"replies":[{"embeddable":true,"href":"https:\/\/conservatory.edu.az\/en\/wp-json\/wp\/v2\/comments?post=2419"}],"version-history":[{"count":2,"href":"https:\/\/conservatory.edu.az\/en\/wp-json\/wp\/v2\/pages\/2419\/revisions"}],"predecessor-version":[{"id":5586,"href":"https:\/\/conservatory.edu.az\/en\/wp-json\/wp\/v2\/pages\/2419\/revisions\/5586"}],"wp:attachment":[{"href":"https:\/\/conservatory.edu.az\/en\/wp-json\/wp\/v2\/media?parent=2419"}],"curies":[{"name":"wp","href":"https:\/\/api.w.org\/{rel}","templated":true}]}}